{"id":572,"date":"2023-10-02T09:57:44","date_gmt":"2023-10-02T07:57:44","guid":{"rendered":"https:\/\/kuld-gartenwelten.de\/shop\/?post_type=product&#038;p=572"},"modified":"2023-10-02T10:12:40","modified_gmt":"2023-10-02T08:12:40","slug":"mein-perfekter-rosengarten","status":"publish","type":"product","link":"https:\/\/www.kuld-gartenwelten.de\/shop\/produkt\/mein-perfekter-rosengarten\/","title":{"rendered":"COMING SOON: MEIN PERFEKTER ROSENGARTEN"},"content":{"rendered":"<p>Erh\u00e4ltlich ab November!<\/p>\n","protected":false},"excerpt":{"rendered":"<p><strong>\u00dcber die Autorin Daniela Gr\u00fcnwald<\/strong><\/p>\n<p><span class=\"x3nfvp2 x1j61x8r x1fcty0u xdj266r xhhsvwb xat24cr xgzva0m xxymvpz xlup9mm x1kky2od\"><img decoding=\"async\" class=\" lazyloaded\" src=\"https:\/\/static.xx.fbcdn.net\/images\/emoji.php\/v9\/tb4\/2\/16\/2705.png\" alt=\"\u2705\" width=\"16\" height=\"16\" data-src=\"https:\/\/static.xx.fbcdn.net\/images\/emoji.php\/v9\/tb4\/2\/16\/2705.png\" \/> <\/span>Seit 2014 selbst\u00e4ndig mit eigenen Gartenbaubetrieb &#8211; One-women-Show<br \/>\n<span class=\"x3nfvp2 x1j61x8r x1fcty0u xdj266r xhhsvwb xat24cr xgzva0m xxymvpz xlup9mm x1kky2od\"><img decoding=\"async\" class=\" lazyloaded\" src=\"https:\/\/static.xx.fbcdn.net\/images\/emoji.php\/v9\/tb4\/2\/16\/2705.png\" alt=\"\u2705\" width=\"16\" height=\"16\" data-src=\"https:\/\/static.xx.fbcdn.net\/images\/emoji.php\/v9\/tb4\/2\/16\/2705.png\" \/> <\/span>Schwerpunkte Stauden, Rasen und Geh\u00f6lze, also zust\u00e4ndig f\u00fcrs Gr\u00fcne<br \/>\n<span class=\"x3nfvp2 x1j61x8r x1fcty0u xdj266r xhhsvwb xat24cr xgzva0m xxymvpz xlup9mm x1kky2od\"><img decoding=\"async\" class=\" lazyloaded\" src=\"https:\/\/static.xx.fbcdn.net\/images\/emoji.php\/v9\/tb4\/2\/16\/2705.png\" alt=\"\u2705\" width=\"16\" height=\"16\" data-src=\"https:\/\/static.xx.fbcdn.net\/images\/emoji.php\/v9\/tb4\/2\/16\/2705.png\" \/> <\/span>gelernte G\u00e4rtnerin und Meisterin im Garten- und Landschaftsbau<br \/>\n<span class=\"x3nfvp2 x1j61x8r x1fcty0u xdj266r xhhsvwb xat24cr xgzva0m xxymvpz xlup9mm x1kky2od\"><img decoding=\"async\" class=\" lazyloaded\" src=\"https:\/\/static.xx.fbcdn.net\/images\/emoji.php\/v9\/tb4\/2\/16\/2705.png\" alt=\"\u2705\" width=\"16\" height=\"16\" data-src=\"https:\/\/static.xx.fbcdn.net\/images\/emoji.php\/v9\/tb4\/2\/16\/2705.png\" \/> <\/span>Mitglied in diversen Verb\u00e4nden und Vereinen wie Verband Garten- , Landschafts- und Sportplatzbau, Naturfreunde e.V., Deutsche Rasengesellschaft&#8230;.<\/p>\n<p><span class=\"x3nfvp2 x1j61x8r x1fcty0u xdj266r xhhsvwb xat24cr xgzva0m xxymvpz xlup9mm x1kky2od\">\u00a0<\/span><\/p>\n","protected":false},"featured_media":575,"comment_status":"open","ping_status":"closed","template":"","meta":[],"product_brand":[],"product_cat":[48],"product_tag":[],"class_list":{"0":"post-572","1":"product","2":"type-product","3":"status-publish","4":"has-post-thumbnail","6":"product_cat-unkategorisiert","8":"first","9":"instock","10":"taxable","11":"shipping-taxable","12":"purchasable","13":"product-type-simple"},"_links":{"self":[{"href":"https:\/\/www.kuld-gartenwelten.de\/shop\/wp-json\/wp\/v2\/product\/572","targetHints":{"allow":["GET"]}}],"collection":[{"href":"https:\/\/www.kuld-gartenwelten.de\/shop\/wp-json\/wp\/v2\/product"}],"about":[{"href":"https:\/\/www.kuld-gartenwelten.de\/shop\/wp-json\/wp\/v2\/types\/product"}],"replies":[{"embeddable":true,"href":"https:\/\/www.kuld-gartenwelten.de\/shop\/wp-json\/wp\/v2\/comments?post=572"}],"wp:featuredmedia":[{"embeddable":true,"href":"https:\/\/www.kuld-gartenwelten.de\/shop\/wp-json\/wp\/v2\/media\/575"}],"wp:attachment":[{"href":"https:\/\/www.kuld-gartenwelten.de\/shop\/wp-json\/wp\/v2\/media?parent=572"}],"wp:term":[{"taxonomy":"product_brand","embeddable":true,"href":"https:\/\/www.kuld-gartenwelten.de\/shop\/wp-json\/wp\/v2\/product_brand?post=572"},{"taxonomy":"product_cat","embeddable":true,"href":"https:\/\/www.kuld-gartenwelten.de\/shop\/wp-json\/wp\/v2\/product_cat?post=572"},{"taxonomy":"product_tag","embeddable":true,"href":"https:\/\/www.kuld-gartenwelten.de\/shop\/wp-json\/wp\/v2\/product_tag?post=572"}],"curies":[{"name":"wp","href":"https:\/\/api.w.org\/{rel}","templated":true}]}}